{"id":191,"date":"2025-02-19T16:14:53","date_gmt":"2025-02-19T16:14:53","guid":{"rendered":"https:\/\/insurangels.org\/?page_id=191"},"modified":"2026-04-06T16:10:07","modified_gmt":"2026-04-06T16:10:07","slug":"investissements","status":"publish","type":"page","link":"https:\/\/insurangels.org\/en\/investissements\/","title":{"rendered":"INVESTISSEMENTS"},"content":{"rendered":"<div class=\"brz-root__container brz-reset-all brz brz-root__container-page\">\n<section id=\"6e64e71c4afe14078c6d_rQT0tsbvPFkl\" class=\"brz-section brz-css-139skpd brz-css-13h6km7\">\n<div class=\"brz-section__content brz-section--boxed brz-css-bvh8xl brz-css-11000ss\" data-brz-custom-id=\"wCsT8FdHD6tw\">\n<div class=\"brz-bg\">\n<div class=\"brz-bg-image\"><\/div>\n<\/div>\n<div class=\"brz-container brz-css-xy598l\">\n<div id=\"\" class=\"brz-css-1376yuh brz-wrapper\">\n<div class=\"brz-rich-text brz-rich-text__custom brz-css-vjlfeu\" data-brz-custom-id=\"yLc2inMloJPw\">\n<div data-brz-translate-text=\"1\">\n<h1 data-uniq-id=\"vgMkp\" data-generated-css=\"brz-css-fFv_g\" class=\"brz-tp-lg-heading1 brz-text-lg-center brz-css-vhkDi\"><span class=\"brz-cp-color2\">Nos investissements <\/span><\/h1>\n<\/div>\n<\/div>\n<\/div>\n<\/div>\n<\/div>\n<\/section>\n<section id=\"91cda0122a350c99ad65_fmFzLzd2NU0T\" class=\"brz-section brz-css-139skpd brz-css-tyfb2\">\n<div class=\"brz-section__content brz-section--boxed brz-css-bvh8xl brz-css-1sd139q\" data-brz-custom-id=\"zTasq0LZfx0I\">\n<div class=\"brz-bg\">\n<div class=\"brz-bg-color\"><\/div>\n<\/div>\n<div class=\"brz-container brz-css-xy598l\">\n<div class=\"brz-row__container brz-css-1xay3im\" data-brz-custom-id=\"wqkfTFwzIDTz\">\n<div class=\"brz-bg\"><\/div>\n<div class=\"brz-row brz-css-7e5ljs brz-css-1cq3e4y\">\n<div class=\"brz-columns brz-css-y4h6a1 brz-css-1xayy5k\" data-brz-custom-id=\"lno0yRIC8f2H\">\n<div class=\"brz-bg\"><\/div>\n<div class=\"brz-column__items brz-css-1eczan4 brz-css-7g440g\">\n<div id=\"\" class=\"brz-css-1376yuh brz-wrapper\">\n<div class=\"brz-image brz-css-1mlskzy\" data-brz-custom-id=\"zMPalPt3jLYS\"><img decoding=\"async\" class=\"brz-img\" src=\"https:\/\/insurangels.org\/wp-content\/uploads\/2025\/03\/Logo-OceanoVox-320x50-1.png\" alt=\"\" loading=\"lazy\"><\/div>\n<\/div>\n<\/div>\n<\/div>\n<\/div>\n<\/div>\n<div class=\"brz-row__container brz-css-1xay3im\" data-brz-custom-id=\"mcwR549O0lyF\">\n<div class=\"brz-bg\"><\/div>\n<div class=\"brz-row brz-css-7e5ljs brz-css-1cq3e4y\">\n<div class=\"brz-columns brz-css-y4h6a1 brz-css-1oju1en\" data-brz-custom-id=\"iiKDShFit3pN\">\n<div class=\"brz-bg\">\n<div class=\"brz-bg-color\"><\/div>\n<\/div>\n<div class=\"brz-column__items brz-css-1eczan4\">\n<div id=\"\" class=\"brz-css-1376yuh brz-wrapper\">\n<div class=\"brz-image brz-css-i5h0sq\" data-brz-custom-id=\"mZWWtjuY5kHY\"><img decoding=\"async\" class=\"brz-img\" src=\"https:\/\/insurangels.org\/wp-content\/uploads\/2025\/03\/4.png\" alt=\"\" loading=\"lazy\"><\/div>\n<\/div>\n<div id=\"\" class=\"brz-css-1376yuh brz-wrapper\">\n<div class=\"brz-rich-text brz-rich-text__custom brz-css-vjlfeu\" data-brz-custom-id=\"hBWfdUKZ_eZ3\">\n<div data-brz-translate-text=\"1\">\n<h5 class=\"brz-text-lg-center brz-tp-lg-heading5 brz-css-o74pr\" data-generated-css=\"brz-css-icBBO\" data-uniq-id=\"jBpcq\"><span class=\"brz-cp-color1\">Antoine Cousot<\/span><\/h5>\n<h5 class=\"brz-text-lg-center brz-tp-lg-heading5 brz-css-pkuPo\" data-generated-css=\"brz-css-jeWZ6\" data-uniq-id=\"h_xCs\"><span class=\"brz-cp-color1\">CEO Oc\u00e9anoVox <\/span><\/h5>\n<\/div>\n<\/div>\n<\/div>\n<\/div>\n<\/div>\n<div class=\"brz-columns brz-css-y4h6a1 brz-css-1rn702c\" data-brz-custom-id=\"yV6omn8fXN3T\">\n<div class=\"brz-bg\">\n<div class=\"brz-bg-color\"><\/div>\n<\/div>\n<div class=\"brz-column__items brz-css-1eczan4\">\n<div id=\"\" class=\"brz-css-1376yuh brz-wrapper\">\n<div class=\"brz-rich-text brz-rich-text__custom brz-css-vjlfeu\" data-brz-custom-id=\"mPcx59pht2ZD\">\n<div data-brz-translate-text=\"1\">\n<p class=\"brz-text-lg-justify brz-tp-lg-veVlxDnpFCbT brz-css-fPfh8\" data-generated-css=\"brz-css-bxRus\" data-uniq-id=\"xADhn\"><span class=\"brz-cp-color1\">OCEANO VOX est une deeptech \u00e0 impact, sp\u00e9cialis\u00e9e dans la collecte de donn\u00e9es en tant que service pour la d\u00e9carbonation maritime et l&rsquo;\u00e9valuation des risques climatiques.<\/span><\/p>\n<p class=\"brz-tp-lg-veVlxDnpFCbT brz-css-pwJZa\" data-generated-css=\"brz-css-j7RaS\" data-uniq-id=\"gPHV3\"><\/p>\n<p class=\"brz-text-lg-justify brz-tp-lg-veVlxDnpFCbT brz-css-zwk6g\" data-generated-css=\"brz-css-iFkL8\" data-uniq-id=\"rh5AT\"><span class=\"brz-cp-color1\">Acteur fran\u00e7ais du BIG DATA, OCEANO VOX fournit des donn\u00e9es in-situ fiables, collect\u00e9es par les navires et les ports, sous forme de service. <\/span><\/p>\n<p class=\"brz-text-lg-justify brz-tp-lg-veVlxDnpFCbT brz-css-raIZ5\" data-generated-css=\"brz-css-iFkL8\" data-uniq-id=\"rh5AT\"><span class=\"brz-cp-color1\"> <\/span><\/p>\n<p class=\"brz-text-lg-justify brz-tp-lg-veVlxDnpFCbT brz-css-xE_jC\" data-generated-css=\"brz-css-iFkL8\" data-uniq-id=\"rh5AT\"><span class=\"brz-cp-color1\">Son ambition est de construire le plus vaste r\u00e9seau d&rsquo;observation oc\u00e9anique en temps r\u00e9el, en connectant, impliquant et r\u00e9compensant les navires gr\u00e2ce \u00e0 un service m\u00e9t\u00e9o et d\u2019alertes gratuit en temps r\u00e9el.<\/span><\/p>\n<p class=\"brz-tp-lg-paragraph brz-css-plp7s\" data-generated-css=\"brz-css-x0tHE\" data-uniq-id=\"xB9qf\"><\/p>\n<\/div>\n<\/div>\n<\/div>\n<\/div>\n<\/div>\n<div class=\"brz-columns brz-css-y4h6a1 brz-css-1hxe1pe\" data-brz-custom-id=\"w0dtmjqK7uBK\">\n<div class=\"brz-bg\"><\/div>\n<div class=\"brz-column__items brz-css-1eczan4\">\n<div id=\"\" class=\"brz-css-1376yuh brz-wrapper\">\n<div class=\"brz-image brz-css-1krm93p\" data-brz-custom-id=\"b50FRqCo8wDT\"><img decoding=\"async\" class=\"brz-img\" src=\"https:\/\/insurangels.org\/wp-content\/uploads\/2025\/03\/Boitier-OceanoVox.png\" alt=\"\" loading=\"lazy\"><\/div>\n<\/div>\n<\/div>\n<\/div>\n<\/div>\n<\/div>\n<\/div>\n<\/div>\n<\/section>\n<section id=\"98ec45f70a276fcbd2bd_iGFjflYsAi0u\" class=\"brz-section brz-css-139skpd\">\n<div class=\"brz-section__content brz-section--boxed brz-css-bvh8xl brz-css-apbyh5\" data-brz-custom-id=\"k_gFVfHS5AXH\">\n<div class=\"brz-bg\">\n<div class=\"brz-bg-color\"><\/div>\n<\/div>\n<div class=\"brz-container brz-css-xy598l\">\n<div id=\"\" class=\"brz-css-1376yuh brz-wrapper\">\n<div class=\"brz-line brz-line-default brz-css-hnpqu1\" data-brz-custom-id=\"dDIBVUWSTW_b\">\n<hr class=\"brz-hr\"><\/div>\n<\/div>\n<div class=\"brz-row__container brz-css-1xay3im\" data-brz-custom-id=\"iuynX8oG44Ge\">\n<div class=\"brz-bg\"><\/div>\n<div class=\"brz-row brz-css-7e5ljs brz-css-1cq3e4y\">\n<div class=\"brz-columns brz-css-y4h6a1 brz-css-kkk7nk\" data-brz-custom-id=\"wmniki4Th7Cu\">\n<div class=\"brz-bg\">\n<div class=\"brz-bg-color\"><\/div>\n<\/div>\n<div class=\"brz-column__items brz-css-1eczan4 brz-css-55w7h1\">\n<div id=\"\" class=\"brz-css-1376yuh brz-wrapper\">\n<div class=\"brz-image brz-css-156ln8i\" data-brz-custom-id=\"zXekukkLSx2K\"><img decoding=\"async\" class=\"brz-img\" src=\"https:\/\/insurangels.org\/wp-content\/uploads\/2025\/03\/Logo-Ndemnity-280x64-1.jpg\" alt=\"\" loading=\"lazy\"><\/div>\n<\/div>\n<\/div>\n<\/div>\n<\/div>\n<\/div>\n<div class=\"brz-row__container brz-css-1xay3im\" data-brz-custom-id=\"uZlLxOQQHezK\">\n<div class=\"brz-bg\"><\/div>\n<div class=\"brz-row brz-css-7e5ljs brz-css-1cq3e4y\">\n<div class=\"brz-columns brz-css-y4h6a1 brz-css-10oi8b0\" data-brz-custom-id=\"q83YBWEl2kF_\">\n<div class=\"brz-bg\">\n<div class=\"brz-bg-color\"><\/div>\n<\/div>\n<div class=\"brz-column__items brz-css-1eczan4\">\n<div id=\"\" class=\"brz-css-1376yuh brz-wrapper\">\n<div class=\"brz-image brz-css-1h50s15\" data-brz-custom-id=\"qSaQltddLAwp\"><img decoding=\"async\" class=\"brz-img\" src=\"https:\/\/insurangels.org\/wp-content\/uploads\/2025\/02\/Antoine-St-Leger.png\" alt=\"\" loading=\"lazy\"><\/div>\n<\/div>\n<div id=\"\" class=\"brz-css-1376yuh brz-wrapper\">\n<div class=\"brz-rich-text brz-rich-text__custom brz-css-vjlfeu\" data-brz-custom-id=\"h79u4pR7c6q8\">\n<div data-brz-translate-text=\"1\">\n<h5 class=\"brz-tp-lg-heading5 brz-text-lg-center brz-css-dY7Ni\" data-uniq-id=\"l2gp3\" data-generated-css=\"brz-css-eSUW9\"><span class=\"brz-cp-color1\">Antoine de Saint L\u00e9ger<\/span><\/h5>\n<h5 class=\"brz-text-lg-center brz-tp-lg-heading5 brz-css-x7o7c\" data-uniq-id=\"hKhph\" data-generated-css=\"brz-css-aJsTF\"><span class=\"brz-cp-color1\">CEO Ndemnity <\/span><\/h5>\n<\/div>\n<\/div>\n<\/div>\n<div id=\"\" class=\"brz-css-1376yuh brz-wrapper\">\n<div class=\"brz-rich-text brz-rich-text__custom brz-css-vjlfeu\" data-brz-custom-id=\"aB3jrVLxHxUQ\">\n<div data-brz-translate-text=\"1\">\n<p class=\"brz-text-lg-center brz-tp-lg-paragraph brz-css-wkVLw\" data-generated-css=\"brz-css-xEJxP\" data-uniq-id=\"a64Ft\"><span class=\"brz-cp-color2\"> <\/span><\/p>\n<p class=\"brz-text-lg-center brz-tp-lg-paragraph brz-css-x6n8k\" data-generated-css=\"brz-css-g_zQp\" data-uniq-id=\"jpGW3\"><span class=\"brz-cp-color1\">7 salari\u00e9s<\/span><\/p>\n<p class=\"brz-text-lg-center brz-tp-lg-paragraph brz-css-yu_Om\" data-generated-css=\"brz-css-jjz_T\" data-uniq-id=\"cc36f\"><span class=\"brz-cp-color2\"> <\/span><\/p>\n<\/div>\n<\/div>\n<\/div>\n<\/div>\n<\/div>\n<div class=\"brz-columns brz-css-y4h6a1 brz-css-cyvaif\" data-brz-custom-id=\"jBozo96EoPKp\">\n<div class=\"brz-bg\">\n<div class=\"brz-bg-color\"><\/div>\n<\/div>\n<div class=\"brz-column__items brz-css-1eczan4\">\n<div id=\"\" class=\"brz-css-1376yuh brz-wrapper\">\n<div class=\"brz-rich-text brz-rich-text__custom brz-css-vjlfeu\" data-brz-custom-id=\"e6IdkA0pimzs\">\n<div data-brz-translate-text=\"1\">\n<h4 class=\"brz-tp-lg-heading4 brz-css-eGBGO\" data-uniq-id=\"tpVfc\" data-generated-css=\"brz-css-kEAbm\"><span class=\"brz-cp-color1\">Le dossier d&rsquo;indemnisation des sinistres corporels partag\u00e9s entre tous les acteurs : victimes, experts, avocats, assureurs<\/span><\/h4>\n<\/div>\n<\/div>\n<\/div>\n<div id=\"\" class=\"brz-css-1376yuh brz-wrapper\">\n<div class=\"brz-image brz-css-sr3dph\" data-brz-custom-id=\"l4QHKMYA3BHC\"><img decoding=\"async\" class=\"brz-img\" src=\"https:\/\/insurangels.org\/wp-content\/uploads\/2025\/02\/Processus-Ndemnity.png\" alt=\"\" loading=\"lazy\"><\/div>\n<\/div>\n<\/div>\n<\/div>\n<\/div>\n<\/div>\n<\/div>\n<\/div>\n<\/section>\n<section id=\"769f8b8c15d085f5f603_dYj3Nq9ioKZa\" class=\"brz-section brz-css-139skpd\">\n<div class=\"brz-section__content brz-section--boxed brz-css-bvh8xl brz-css-ayrxa8\" data-brz-custom-id=\"pEgLku7TjCPD\">\n<div class=\"brz-bg\">\n<div class=\"brz-bg-color\"><\/div>\n<\/div>\n<div class=\"brz-container brz-css-xy598l\">\n<div id=\"\" class=\"brz-css-1376yuh brz-wrapper\">\n<div class=\"brz-line brz-line-default brz-css-hnpqu1\" data-brz-custom-id=\"c_hGWV_INUeS\">\n<hr class=\"brz-hr\"><\/div>\n<\/div>\n<div class=\"brz-row__container brz-css-1xay3im\" data-brz-custom-id=\"pp4ZK4l7FeFN\">\n<div class=\"brz-bg\"><\/div>\n<div class=\"brz-row brz-css-7e5ljs brz-css-1cq3e4y\">\n<div class=\"brz-columns brz-css-y4h6a1 brz-css-kjuacv\" data-brz-custom-id=\"fHS5sS7kMLpj\">\n<div class=\"brz-bg\">\n<div class=\"brz-bg-color\"><\/div>\n<\/div>\n<div class=\"brz-column__items brz-css-1eczan4 brz-css-1onyo5r\">\n<div id=\"\" class=\"brz-css-1376yuh brz-wrapper\">\n<div class=\"brz-image brz-css-1htmyys\" data-brz-custom-id=\"h2JVGS5rLdSN\"><img decoding=\"async\" class=\"brz-img\" src=\"https:\/\/insurangels.org\/wp-content\/uploads\/2025\/03\/Logo-France-Verif.png\" alt=\"\" loading=\"lazy\"><\/div>\n<\/div>\n<\/div>\n<\/div>\n<\/div>\n<\/div>\n<div class=\"brz-row__container brz-css-1xay3im\" data-brz-custom-id=\"o0gFVGfXBoXP\">\n<div class=\"brz-bg\"><\/div>\n<div class=\"brz-row brz-css-7e5ljs brz-css-1cq3e4y\">\n<div class=\"brz-columns brz-css-y4h6a1 brz-css-kif7fy\" data-brz-custom-id=\"pgJ7vMLZ6WTm\">\n<div class=\"brz-bg\">\n<div class=\"brz-bg-color\"><\/div>\n<\/div>\n<div class=\"brz-column__items brz-css-1eczan4\">\n<div id=\"\" class=\"brz-css-1376yuh brz-wrapper\">\n<div class=\"brz-image brz-css-1r73l0v\" data-brz-custom-id=\"x0UnGveh6pzG\"><img decoding=\"async\" class=\"brz-img\" src=\"https:\/\/insurangels.org\/wp-content\/uploads\/2025\/02\/Laurent-France-Verif.jpg\" alt=\"\" loading=\"lazy\"><\/div>\n<\/div>\n<div id=\"\" class=\"brz-css-1376yuh brz-wrapper\">\n<div class=\"brz-rich-text brz-rich-text__custom brz-css-vjlfeu\" data-brz-custom-id=\"zpLu666SblTk\">\n<div data-brz-translate-text=\"1\">\n<h5 class=\"brz-tp-lg-paragraph brz-text-lg-center brz-css-jP3zP\" data-uniq-id=\"gDSK7\" data-generated-css=\"brz-css-gsSro\"><span class=\"brz-cp-color1\">Laurent <\/span><\/h5>\n<h5 class=\"brz-text-lg-center brz-tp-lg-paragraph brz-css-h7dQn\" data-uniq-id=\"x5PQI\" data-generated-css=\"brz-css-v1NHy\"><span class=\"brz-cp-color1\">CEO<\/span><\/h5>\n<\/div>\n<\/div>\n<\/div>\n<\/div>\n<\/div>\n<div class=\"brz-columns brz-css-y4h6a1 brz-css-12ehcjh\" data-brz-custom-id=\"zMPoveWfQtcH\">\n<div class=\"brz-bg\">\n<div class=\"brz-bg-color\"><\/div>\n<\/div>\n<div class=\"brz-column__items brz-css-1eczan4\">\n<div class=\"brz-row__container brz-css-1xay3im\" data-brz-custom-id=\"krDy7Inb48Wl\">\n<div class=\"brz-bg\"><\/div>\n<div class=\"brz-row brz-row--inner brz-css-7e5ljs brz-css-1cq3e4y\">\n<div class=\"brz-columns brz-css-y4h6a1 brz-css-1dspuvp\" data-brz-custom-id=\"acvk3gLnAm26\">\n<div class=\"brz-bg\"><\/div>\n<div class=\"brz-column__items brz-css-1eczan4\">\n<div id=\"\" class=\"brz-css-1376yuh brz-wrapper\">\n<div class=\"brz-rich-text brz-rich-text__custom brz-css-vjlfeu\" data-brz-custom-id=\"wcjYmEyGZB7c\">\n<div data-brz-translate-text=\"1\">\n<p class=\"brz-tp-lg-veVlxDnpFCbT brz-css-xkVxr\" data-generated-css=\"brz-css-yWKUL\" data-uniq-id=\"qFrJC\"><span class=\"brz-cp-color1\">La Premi\u00e8re protection Cyber adapt\u00e9e aux nouvelles menaces :<\/span><\/p>\n<ul>\n<li class=\"brz-tp-lg-veVlxDnpFCbT brz-bcp-color1 brz-css-zf395\" data-generated-css=\"brz-css-ihzct\" data-uniq-id=\"jGWR3\"><span class=\"brz-cp-color1\">Analyse en temps r\u00e9el : gr\u00e2ce aux IA analyse des informations <\/span><\/li>\n<li class=\"brz-tp-lg-veVlxDnpFCbT brz-bcp-color1 brz-css-aPw9z\" data-generated-css=\"brz-css-cRVh_\" data-uniq-id=\"qvPdH\"><span class=\"brz-cp-color1\">Mise \u00e0 disposition d&rsquo;un Dashboard complet et multi-devises <\/span><\/li>\n<\/ul>\n<p class=\"brz-mb-lg-0 brz-mt-lg-15 brz-text-lg-justify brz-bcp-color7 brz-tp-lg-veVlxDnpFCbT brz-css-oS3q_\" data-generated-css=\"brz-css-caew0\" data-uniq-id=\"bV2HE\"><span class=\"brz-cp-color1\"> Protection \u00e0 360\u00b0 pour les particuliers :<\/span><\/p>\n<ul>\n<li class=\"brz-text-lg-justify brz-tp-lg-veVlxDnpFCbT brz-bcp-color1 brz-css-gQOVV\" data-generated-css=\"brz-css-gk39x\" data-uniq-id=\"ye4IJ\"><span class=\"brz-cp-color1\">Solution multi-devices (ordinateurs, smartphones, tablettes<\/span><\/li>\n<li class=\"brz-text-lg-justify brz-tp-lg-veVlxDnpFCbT brz-bcp-color1 brz-css-uqMDy\" data-generated-css=\"brz-css-f1cim\" data-uniq-id=\"tnTPY\"><span class=\"brz-cp-color1\">Premi\u00e8re protection int\u00e9grale adapt\u00e9e aux nouvelles menaces <\/span><\/li>\n<li class=\"ql-indent-1 brz-text-lg-justify brz-tp-lg-veVlxDnpFCbT brz-bcp-color1 brz-css-vi11g\" data-generated-css=\"brz-css-ydo2R\" data-uniq-id=\"ga_5V\"><span class=\"brz-cp-color1\">Analyse de la fiabilit\u00e9 des sites en ligne avec une pr\u00e9cision sup\u00e9rieure \u00e0 99%<\/span><\/li>\n<li class=\"ql-indent-1 brz-text-lg-justify brz-tp-lg-veVlxDnpFCbT brz-bcp-color1 brz-css-hVIEt\" data-generated-css=\"brz-css-y5rxk\" data-uniq-id=\"nYW6U\"><span class=\"brz-cp-color1\">Emails\/SMS frauduleux<\/span><\/li>\n<li class=\"ql-indent-1 brz-text-lg-justify brz-tp-lg-veVlxDnpFCbT brz-bcp-color1 brz-css-mDATP\" data-generated-css=\"brz-css-v6U62\" data-uniq-id=\"hL8rZ\"><span class=\"brz-cp-color1\">Phising<\/span><\/li>\n<li class=\"ql-indent-1 brz-text-lg-justify brz-tp-lg-veVlxDnpFCbT brz-bcp-color1 brz-css-pCCR1\" data-generated-css=\"brz-css-yD_1F\" data-uniq-id=\"gbH1g\"><span class=\"brz-cp-color1\">Usurpation d&rsquo;identit\u00e9<\/span><\/li>\n<li class=\"ql-indent-1 brz-text-lg-justify brz-tp-lg-veVlxDnpFCbT brz-bcp-color1 brz-css-j4uIQ\" data-generated-css=\"brz-css-zjgxq\" data-uniq-id=\"m6UIs\"><span class=\"brz-cp-color1\">Applications malveillantes <\/span><\/li>\n<\/ul>\n<p class=\"brz-tp-lg-paragraph brz-css-zD9ec\" data-generated-css=\"brz-css-fG47X\" data-uniq-id=\"ouZ94\"><\/p>\n<\/div>\n<\/div>\n<\/div>\n<\/div>\n<\/div>\n<\/div>\n<\/div>\n<\/div>\n<\/div>\n<\/div>\n<\/div>\n<\/div>\n<\/div>\n<\/section>\n<\/div>\n<p>    <!-- version:1743065594 --><\/p>","protected":false},"excerpt":{"rendered":"<p>Nos investissements Antoine Cousot CEO Oc\u00e9anoVox OCEANO VOX est une deeptech \u00e0 impact, sp\u00e9cialis\u00e9e dans la collecte de donn\u00e9es en tant que service pour la d\u00e9carbonation maritime et l&rsquo;\u00e9valuation des risques climatiques. Acteur fran\u00e7ais du BIG DATA, OCEANO VOX fournit des donn\u00e9es in-situ fiables, collect\u00e9es par les navires et les ports, sous forme de service. [&hellip;]<\/p>\n","protected":false},"author":1,"featured_media":0,"parent":0,"menu_order":50,"comment_status":"closed","ping_status":"closed","template":"brizy-blank-template.php","meta":{"footnotes":""},"class_list":["post-191","page","type-page","status-publish","hentry","entry"],"brizy_media":[{"id":246,"url":"https:\/\/insurangels.org\/wp-content\/uploads\/2025\/02\/IMG_0635-scaled.jpg","name":"IMG_0635.jpg","meta":{"brizy_attachment_uid":"wp-f7a938e75e6e6d144f20b21fc2eda3e7.jpg","brizy_post_uid":["cb8cdb259b828a73b2df99742cf3baf8"]}},{"id":1077,"url":"https:\/\/insurangels.org\/wp-content\/uploads\/2025\/02\/Antoine-St-Leger.png","name":"Antoine-St-Leger.png","meta":{"brizy_attachment_uid":"wp-d170ef35590d4911548a613ec5228ef6.png","brizy_post_uid":["a7369b35218d491d9dab04c98c55403c","cb8cdb259b828a73b2df99742cf3baf8"]}},{"id":1078,"url":"https:\/\/insurangels.org\/wp-content\/uploads\/2025\/02\/Processus-Ndemnity.png","name":"Processus-Ndemnity.png","meta":{"brizy_attachment_uid":"wp-c33b5e1ac9b603858711acd5bf2ae593.png","brizy_post_uid":["a7369b35218d491d9dab04c98c55403c","cb8cdb259b828a73b2df99742cf3baf8"]}},{"id":1797,"url":"https:\/\/insurangels.org\/wp-content\/uploads\/2025\/02\/Laurent-France-Verif.jpg","name":"Laurent-France-Verif.jpg","meta":{"brizy_attachment_uid":"wp-b21f533c7ac18db677c2dd54569bfbce.jpg","brizy_post_uid":["f97a288e19a32e40c12effd34f79c56a","cb8cdb259b828a73b2df99742cf3baf8"]}},{"id":2119,"url":"https:\/\/insurangels.org\/wp-content\/uploads\/2025\/03\/Logo-InsurAngels-2025.png","name":"Logo-InsurAngels-2025.png","meta":{"brizy_attachment_uid":"wp-132bbeb348ce96147eab24a5c3d266ae.png","brizy_post_uid":["8d9aa59cff03571c4088f32b46d42034","cb8cdb259b828a73b2df99742cf3baf8","25ba053af2e9885686b18ba1362cdcb5","eb6757fd74e4c5e64b362ab20bbd1720","0110b45ba844ba72683d299bd74ce584","13960af231e31d64cc33a27fbc283957"]}},{"id":2282,"url":"https:\/\/insurangels.org\/wp-content\/uploads\/2025\/03\/Logo-France-Verif.png","name":"Logo-France-Verif.png","meta":{"brizy_attachment_uid":"wp-a051ff66843408e42a2f650f465ceab8.png","brizy_post_uid":["f97a288e19a32e40c12effd34f79c56a","cb8cdb259b828a73b2df99742cf3baf8"]}},{"id":2754,"url":"https:\/\/insurangels.org\/wp-content\/uploads\/2025\/03\/Logo-Ndemnity-280x64-1.jpg","name":"Logo-Ndemnity-280x64-1.jpg","meta":{"brizy_attachment_uid":"wp-88097207f27521b7f11d38986236cc66.jpg","brizy_post_uid":["ca520176d795226f44d8df36edc99515","0110b45ba844ba72683d299bd74ce584","cb8cdb259b828a73b2df99742cf3baf8"]}},{"id":2799,"url":"https:\/\/insurangels.org\/wp-content\/uploads\/2025\/03\/Boitier-OceanoVox.png","name":"Boitier-OceanoVox.png","meta":{"brizy_attachment_uid":"wp-28b6fe20c3eeb0b973b47e78700bcbf4.png","brizy_post_uid":["8ffaf33559532d26bea41b6f0c9c66fd","cb8cdb259b828a73b2df99742cf3baf8"]}},{"id":2800,"url":"https:\/\/insurangels.org\/wp-content\/uploads\/2025\/03\/4.png","name":"4.png","meta":{"brizy_attachment_uid":"wp-9289175b99d278b9b9a7d09cc5b11023.png","brizy_post_uid":["8ffaf33559532d26bea41b6f0c9c66fd","cb8cdb259b828a73b2df99742cf3baf8"]}},{"id":2801,"url":"https:\/\/insurangels.org\/wp-content\/uploads\/2025\/03\/Logo-OceanoVox-320x50-1.png","name":"Logo-OceanoVox-320x50-1.png","meta":{"brizy_attachment_uid":"wp-c20f5b28584bef632d64776e3b2e1b94.png","brizy_post_uid":["8ffaf33559532d26bea41b6f0c9c66fd","cb8cdb259b828a73b2df99742cf3baf8"]}}],"_links":{"self":[{"href":"https:\/\/insurangels.org\/en\/wp-json\/wp\/v2\/pages\/191","targetHints":{"allow":["GET"]}}],"collection":[{"href":"https:\/\/insurangels.org\/en\/wp-json\/wp\/v2\/pages"}],"about":[{"href":"https:\/\/insurangels.org\/en\/wp-json\/wp\/v2\/types\/page"}],"author":[{"embeddable":true,"href":"https:\/\/insurangels.org\/en\/wp-json\/wp\/v2\/users\/1"}],"replies":[{"embeddable":true,"href":"https:\/\/insurangels.org\/en\/wp-json\/wp\/v2\/comments?post=191"}],"version-history":[{"count":30,"href":"https:\/\/insurangels.org\/en\/wp-json\/wp\/v2\/pages\/191\/revisions"}],"predecessor-version":[{"id":2856,"href":"https:\/\/insurangels.org\/en\/wp-json\/wp\/v2\/pages\/191\/revisions\/2856"}],"wp:attachment":[{"href":"https:\/\/insurangels.org\/en\/wp-json\/wp\/v2\/media?parent=191"}],"curies":[{"name":"wp","href":"https:\/\/api.w.org\/{rel}","templated":true}]}}