{"id":20,"date":"2025-02-18T13:35:36","date_gmt":"2025-02-18T13:35:36","guid":{"rendered":"https:\/\/insurangels.org\/?page_id=20"},"modified":"2026-04-06T16:15:00","modified_gmt":"2026-04-06T16:15:00","slug":"devenir-ba","status":"publish","type":"page","link":"https:\/\/insurangels.org\/en\/devenir-ba\/","title":{"rendered":"MEMBRES"},"content":{"rendered":"<div class=\"brz-root__container brz-reset-all brz brz-root__container-page\">\n<section id=\"7bed2660337e1f93cf5f_nU4OmzAOFnXB\" class=\"brz-section brz-css-iqmbwi brz-css-16hm20r\">\n<div class=\"brz-section__content brz-section--boxed brz-css-1yyu9s1 brz-css-1fu4wo6\" data-brz-custom-id=\"fgImXciGHPNs\">\n<div class=\"brz-bg\">\n<div class=\"brz-bg-image\"><\/div>\n<div class=\"brz-bg-color\"><\/div>\n<\/div>\n<div class=\"brz-container brz-css-7isc6p\">\n<div id=\"\" class=\"brz-css-zx5r7w brz-wrapper\">\n<div class=\"brz-rich-text brz-rich-text__custom brz-css-1574jek\" data-brz-custom-id=\"uIXuMbhVtNMh\">\n<div data-brz-translate-text=\"1\">\n<p data-uniq-id=\"odSgE\" data-generated-css=\"brz-css-ixfRT\" class=\"brz-tp-lg-heading1 brz-text-lg-center brz-css-nxxSx\"><span class=\"brz-cp-color8\">Qui sont nos membres ? <\/span><\/p>\n<\/div>\n<\/div>\n<\/div>\n<\/div>\n<\/div>\n<\/section>\n<section id=\"aab3e0b69193a2a30970_oKN0hlTzeQnW\" class=\"brz-section brz-css-iqmbwi\">\n<div class=\"brz-section__content brz-section--boxed brz-css-1yyu9s1 brz-css-138ikc7\" data-brz-custom-id=\"g_ztuyngb1L7\">\n<div class=\"brz-bg\">\n<div class=\"brz-bg-color\"><\/div>\n<\/div>\n<div class=\"brz-container brz-css-7isc6p\">\n<div class=\"brz-row__container brz-css-1l0igs7\" data-brz-custom-id=\"rerQKs1DvGN8\">\n<div class=\"brz-bg\"><\/div>\n<div class=\"brz-row brz-css-1e0jtbk brz-css-fmfr6s\">\n<div class=\"brz-columns brz-css-ibfbz5 brz-css-i3zbzf\" data-brz-custom-id=\"bUwrCaoiiyS5\">\n<div class=\"brz-bg\"><\/div>\n<div class=\"brz-column__items brz-css-xkjs9c\">\n<div id=\"\" class=\"brz-css-zx5r7w brz-wrapper\">\n<div class=\"brz-rich-text brz-rich-text__custom brz-css-1574jek\" data-brz-custom-id=\"dq3JgWinRBNP\">\n<div data-brz-translate-text=\"1\">\n<p class=\"brz-tp-lg-empty brz-ff-overpass brz-ft-google brz-fs-lg-26 brz-fss-lg-px brz-fw-lg-400 brz-ls-lg-0 brz-lh-lg-2 brz-vfw-lg-400 brz-fwdth-lg-100 brz-fsft-lg-0 brz-text-lg-center brz-css-tl9_q\" data-uniq-id=\"p5ABq\" data-generated-css=\"brz-css-gfzGT\"><strong class=\"brz-bold-true\">Nos Membres<\/strong><\/p>\n<p class=\"brz-mb-lg-10 brz-mt-lg-10 brz-vfw-lg-400 brz-fwdth-lg-100 brz-fsft-lg-0 brz-tp-lg-empty brz-ff-overpass brz-ft-google brz-fs-lg-24 brz-fss-lg-px brz-fw-lg-400 brz-ls-lg-0 brz-lh-lg-2 brz-css-imaHE\" data-uniq-id=\"yvy9X\" data-generated-css=\"brz-css-e5VTj\"><span>Ils sont issus du secteur de l&rsquo;Assurance : <\/span><\/p>\n<ul>\n<li class=\"brz-bcp-color2 brz-fsft-lg-0 brz-fwdth-lg-100 brz-vfw-lg-400 brz-lh-lg-1_5 brz-ls-lg-0 brz-fw-lg-400 brz-fss-lg-px brz-fs-lg-24 brz-ft-google brz-ff-overpass brz-tp-lg-empty brz-mb-lg-10 brz-mt-lg-10 brz-text-lg-left brz-css-wdVhB\" data-uniq-id=\"tnB6g\" data-generated-css=\"brz-css-sLZ9W\"><span>Directeurs G\u00e9n\u00e9raux, cadres de direction en activit\u00e9, consultants, jeunes retrait\u00e9s<\/span><\/li>\n<li class=\"brz-bcp-color2 brz-fsft-lg-0 brz-fwdth-lg-100 brz-vfw-lg-400 brz-lh-lg-1_5 brz-ls-lg-0 brz-fw-lg-400 brz-fss-lg-px brz-fs-lg-24 brz-ft-google brz-ff-overpass brz-tp-lg-empty brz-mb-lg-10 brz-mt-lg-10 brz-css-b5itN\" data-uniq-id=\"cgUFq\" data-generated-css=\"brz-css-dWu0i\"><span>D\u00e9sireux de d\u00e9couvrir de nouveaux projets&nbsp;ambitieux et novateurs.<\/span><\/li>\n<li class=\"brz-bcp-color2 brz-lh-lg-1_5 brz-ls-lg-0 brz-fw-lg-400 brz-fss-lg-px brz-fs-lg-24 brz-ft-google brz-ff-overpass brz-tp-lg-empty brz-fsft-lg-0 brz-fwdth-lg-100 brz-vfw-lg-400 brz-mb-lg-10 brz-mt-lg-10 brz-css-ePA6S\" data-uniq-id=\"sSwmf\" data-generated-css=\"brz-css-uldvv\"><span>Dans un cadre d\u00e9lib\u00e9r\u00e9ment&nbsp;convivial&nbsp;\u2026 o\u00f9 l\u2019on peut discuter librement \u2026 m\u00eame entre confr\u00e8res. <\/span><\/li>\n<\/ul>\n<\/div>\n<\/div>\n<\/div>\n<\/div>\n<\/div>\n<div class=\"brz-columns brz-css-ibfbz5 brz-css-3bmuyu\" data-brz-custom-id=\"gjGLjiTrViAU\">\n<div class=\"brz-bg\"><\/div>\n<div class=\"brz-column__items brz-css-xkjs9c\">\n<div id=\"\" class=\"brz-css-zx5r7w brz-wrapper\">\n<div class=\"brz-rich-text brz-rich-text__custom brz-css-1574jek\" data-brz-custom-id=\"cWwdujZxyYxi\">\n<div data-brz-translate-text=\"1\">\n<p class=\"brz-fsft-lg-0 brz-fwdth-lg-100 brz-vfw-lg-400 brz-lh-lg-2 brz-ls-lg-0 brz-fw-lg-400 brz-fss-lg-px brz-fs-lg-24 brz-ft-google brz-ff-overpass brz-tp-lg-empty brz-css-wbXMb\" data-uniq-id=\"qCtC0\" data-generated-css=\"brz-css-aUGha\"><\/p>\n<\/div>\n<\/div>\n<\/div>\n<\/div>\n<\/div>\n<div class=\"brz-columns brz-css-ibfbz5 brz-css-493we9\" data-brz-custom-id=\"zdOfh1I3KAlP\">\n<div class=\"brz-bg\"><\/div>\n<div class=\"brz-column__items brz-css-xkjs9c\">\n<div id=\"\" class=\"brz-css-zx5r7w brz-wrapper\">\n<div class=\"brz-rich-text brz-rich-text__custom brz-css-1574jek\" data-brz-custom-id=\"q0tkrN56zMNp\">\n<div data-brz-translate-text=\"1\">\n<p class=\"brz-fsft-lg-0 brz-fwdth-lg-100 brz-vfw-lg-400 brz-lh-lg-2 brz-ls-lg-0 brz-fw-lg-400 brz-fss-lg-px brz-fs-lg-26 brz-ft-google brz-ff-overpass brz-tp-lg-empty brz-text-lg-center brz-css-nQo3A\" data-uniq-id=\"fAVxS\" data-generated-css=\"brz-css-wMCJl\"><strong class=\"brz-bold-true\">Motivations \u00e0 nous rejoindre<\/strong><\/p>\n<ul>\n<li class=\"brz-tp-lg-empty brz-ff-overpass brz-ft-google brz-fs-lg-24 brz-fss-lg-px brz-fw-lg-400 brz-ls-lg-0 brz-lh-lg-1_5 brz-vfw-lg-400 brz-fwdth-lg-100 brz-fsft-lg-0 brz-mb-lg-10 brz-mt-lg-10 brz-bcp-color2 brz-css-ePji6\" data-uniq-id=\"a_Hr7\" data-generated-css=\"brz-css-uXC4q\"><span>B\u00e9n\u00e9ficier d\u2019une&nbsp;veille strat\u00e9gique&nbsp;importante et organis\u00e9e permettant la d\u00e9couverte de nouveaux business-models.<\/span><\/li>\n<li class=\"brz-tp-lg-empty brz-ff-overpass brz-ft-google brz-fs-lg-24 brz-fss-lg-px brz-fw-lg-400 brz-ls-lg-0 brz-lh-lg-1_5 brz-vfw-lg-400 brz-fwdth-lg-100 brz-fsft-lg-0 brz-mt-lg-10 brz-mb-lg-10 brz-bcp-color2 brz-css-kMdtW\" data-uniq-id=\"s6oqu\" data-generated-css=\"brz-css-aIC66\"><span>Investir au plus t\u00f4t sur de potentielles p\u00e9pites (avec un retour sur investissement \u00e0 horizon de 5 \u00e0 7 ans <\/span><\/li>\n<li class=\"brz-tp-lg-empty brz-ff-overpass brz-ft-google brz-fs-lg-24 brz-fss-lg-px brz-fw-lg-400 brz-ls-lg-0 brz-lh-lg-1_5 brz-vfw-lg-400 brz-fwdth-lg-100 brz-fsft-lg-0 brz-mt-lg-10 brz-mb-lg-10 brz-bcp-color2 brz-css-xHKf_\" data-uniq-id=\"qylbV\" data-generated-css=\"brz-css-zNiHJ\"><span>Offrir la possibilit\u00e9 \u00e0 nos membres de r\u00e9aliser des projets pour eux-m\u00eame ou avec d&rsquo;autres membres. <\/span><\/li>\n<\/ul>\n<\/div>\n<\/div>\n<\/div>\n<\/div>\n<\/div>\n<\/div>\n<\/div>\n<div class=\"brz-row__container brz-css-1l0igs7\" data-brz-custom-id=\"vIpl912nTx6b\">\n<div class=\"brz-bg\"><\/div>\n<div class=\"brz-row brz-css-1e0jtbk\">\n<div class=\"brz-columns brz-css-ibfbz5 brz-css-1an5ont\" data-brz-custom-id=\"qCz7f_NjVzZm\">\n<div class=\"brz-bg\"><\/div>\n<div class=\"brz-column__items brz-css-xkjs9c brz-css-43uzih\"><\/div>\n<\/div>\n<\/div>\n<\/div>\n<div class=\"brz-row__container brz-css-1l0igs7\" data-brz-custom-id=\"mfi3cJsvgU5w\">\n<div class=\"brz-bg\"><\/div>\n<div class=\"brz-row brz-css-1e0jtbk\">\n<div class=\"brz-columns brz-css-ibfbz5 brz-css-4p1s3n\" data-brz-custom-id=\"reHuT49gkCCy\">\n<div class=\"brz-bg\"><\/div>\n<div class=\"brz-column__items brz-css-xkjs9c\">\n<div id=\"\" class=\"brz-css-zx5r7w brz-wrapper\">\n<div class=\"brz-rich-text brz-rich-text__custom brz-css-1574jek\" data-brz-custom-id=\"kcAmGlZbQuPL\">\n<div data-brz-translate-text=\"1\">\n<p class=\"brz-fsft-lg-0 brz-fwdth-lg-100 brz-vfw-lg-400 brz-lh-lg-2 brz-ls-lg-0 brz-fw-lg-400 brz-fss-lg-px brz-fs-lg-26 brz-ft-google brz-ff-overpass brz-tp-lg-empty brz-text-lg-center brz-css-qh_MP\" data-uniq-id=\"u28CZ\" data-generated-css=\"brz-css-zV_Aa\"><strong class=\"brz-bold-true\">Types d&rsquo;investissements<\/strong><\/p>\n<ul>\n<li class=\"brz-bcp-color2 brz-tp-lg-empty brz-ff-overpass brz-ft-google brz-fs-lg-24 brz-fss-lg-px brz-fw-lg-400 brz-ls-lg-0 brz-lh-lg-1_5 brz-vfw-lg-400 brz-fwdth-lg-100 brz-fsft-lg-0 brz-mb-lg-10 brz-mt-lg-10 brz-css-xEnUx\" data-uniq-id=\"lQPD7\" data-generated-css=\"brz-css-aTjkm\"><span class=\"brz-span\">Au sein des r\u00e9seaux de France Angels, <strong>le ticket moyen d&rsquo;investissement dans une startup est de 113 k\u20ac<\/strong>&nbsp;(entre 50 k\u20ac et 500 k\u20ac) <\/span><\/li>\n<li class=\"brz-tp-lg-empty brz-ff-overpass brz-ft-google brz-fs-lg-24 brz-fss-lg-px brz-fw-lg-400 brz-ls-lg-0 brz-lh-lg-1_5 brz-vfw-lg-400 brz-fwdth-lg-100 brz-fsft-lg-0 brz-mb-lg-10 brz-mt-lg-10 brz-bcp-color2 brz-css-eZHv6\" data-uniq-id=\"nbI2C\" data-generated-css=\"brz-css-mdpXg\"><span class=\"brz-span\">Essentiellement <strong>en phases d&rsquo;amor\u00e7age ou de pr\u00e9-speed<\/strong> avec une r\u00e9partition entre 1er tour (60%)&nbsp;et refinancements (40%)<\/span><\/li>\n<li class=\"brz-tp-lg-empty brz-ff-overpass brz-ft-google brz-fs-lg-24 brz-fss-lg-px brz-fw-lg-400 brz-ls-lg-0 brz-lh-lg-1_5 brz-vfw-lg-400 brz-fwdth-lg-100 brz-fsft-lg-0 brz-mb-lg-10 brz-mt-lg-10 brz-bcp-color2 brz-css-h95Bj\" data-uniq-id=\"rWBQ7\" data-generated-css=\"brz-css-dNd28\"><span class=\"brz-span\">In<strong>vestissement moyen annuel d&rsquo;un BA entre 10 k\u20ac et&nbsp;20 k\u20ac<\/strong><\/span><\/li>\n<\/ul>\n<\/div>\n<\/div>\n<\/div>\n<\/div>\n<\/div>\n<\/div>\n<\/div>\n<\/div>\n<\/div>\n<\/section>\n<\/div>\n<p>    <!-- version:1741343501 --><\/p>","protected":false},"excerpt":{"rendered":"<p>Qui sont nos membres ? Nos Membres Ils sont issus du secteur de l&rsquo;Assurance : Directeurs G\u00e9n\u00e9raux, cadres de direction en activit\u00e9, consultants, jeunes retrait\u00e9s D\u00e9sireux de d\u00e9couvrir de nouveaux projets&nbsp;ambitieux et novateurs. Dans un cadre d\u00e9lib\u00e9r\u00e9ment&nbsp;convivial&nbsp;\u2026 o\u00f9 l\u2019on peut discuter librement \u2026 m\u00eame entre confr\u00e8res. Motivations \u00e0 nous rejoindre B\u00e9n\u00e9ficier d\u2019une&nbsp;veille strat\u00e9gique&nbsp;importante et organis\u00e9e [&hellip;]<\/p>\n","protected":false},"author":1,"featured_media":0,"parent":0,"menu_order":30,"comment_status":"closed","ping_status":"closed","template":"brizy-blank-template.php","meta":{"footnotes":""},"class_list":["post-20","page","type-page","status-publish","hentry","entry"],"brizy_media":[{"id":208,"url":"https:\/\/insurangels.org\/wp-content\/uploads\/2025\/02\/annie-spratt-hCb3lIB8L8E-unsplash-scaled.jpg","name":"annie-spratt-hCb3lIB8L8E-unsplash.jpg","meta":{"brizy_attachment_uid":"wp-72eb5dffa20d790bf04d1168725f1273.jpg","brizy_post_uid":["8d9aa59cff03571c4088f32b46d42034","13960af231e31d64cc33a27fbc283957"]}},{"id":350,"url":"https:\/\/insurangels.org\/wp-content\/uploads\/2025\/02\/edwin-andrade-4V1dC_eoCwg-unsplash-scaled.jpg","name":"edwin-andrade-4V1dC_eoCwg-unsplash.jpg","meta":{"brizy_attachment_uid":"wp-b65679f4a2179c36b6c7ad0013c11d0b.jpg","brizy_post_uid":["0110b45ba844ba72683d299bd74ce584","13960af231e31d64cc33a27fbc283957","16b41d74ca2da77b4c004ef8079bd795"]}},{"id":351,"url":"https:\/\/insurangels.org\/wp-content\/uploads\/2025\/02\/elissa-garcia-ckVjMurwKIs-unsplash-scaled.jpg","name":"elissa-garcia-ckVjMurwKIs-unsplash.jpg","meta":{"brizy_attachment_uid":"wp-e08ed5c4ee06bfe9f8f388ddad52f245.jpg","brizy_post_uid":["0110b45ba844ba72683d299bd74ce584","13960af231e31d64cc33a27fbc283957","f940fb24d17aaa4252ace804cad363d4"]}},{"id":1484,"url":"https:\/\/insurangels.org\/wp-content\/uploads\/2025\/02\/ben-moreland-GkWP64truqg-unsplash-scaled.jpg","name":"ben-moreland-GkWP64truqg-unsplash.jpg","meta":{"brizy_attachment_uid":"wp-2731041d8588c1e191befc77e2be258d.jpg","brizy_post_uid":["13960af231e31d64cc33a27fbc283957"]}},{"id":1486,"url":"https:\/\/insurangels.org\/wp-content\/uploads\/2025\/02\/wes-lewis-zt6OxRORM2g-unsplash-scaled.jpg","name":"wes-lewis-zt6OxRORM2g-unsplash.jpg","meta":{"brizy_attachment_uid":"wp-9417fa34846ddeb01cd78ef5cc9b7755.jpg","brizy_post_uid":["13960af231e31d64cc33a27fbc283957"]}},{"id":2119,"url":"https:\/\/insurangels.org\/wp-content\/uploads\/2025\/03\/Logo-InsurAngels-2025.png","name":"Logo-InsurAngels-2025.png","meta":{"brizy_attachment_uid":"wp-132bbeb348ce96147eab24a5c3d266ae.png","brizy_post_uid":["8d9aa59cff03571c4088f32b46d42034","cb8cdb259b828a73b2df99742cf3baf8","25ba053af2e9885686b18ba1362cdcb5","eb6757fd74e4c5e64b362ab20bbd1720","0110b45ba844ba72683d299bd74ce584","13960af231e31d64cc33a27fbc283957"]}}],"_links":{"self":[{"href":"https:\/\/insurangels.org\/en\/wp-json\/wp\/v2\/pages\/20","targetHints":{"allow":["GET"]}}],"collection":[{"href":"https:\/\/insurangels.org\/en\/wp-json\/wp\/v2\/pages"}],"about":[{"href":"https:\/\/insurangels.org\/en\/wp-json\/wp\/v2\/types\/page"}],"author":[{"embeddable":true,"href":"https:\/\/insurangels.org\/en\/wp-json\/wp\/v2\/users\/1"}],"replies":[{"embeddable":true,"href":"https:\/\/insurangels.org\/en\/wp-json\/wp\/v2\/comments?post=20"}],"version-history":[{"count":30,"href":"https:\/\/insurangels.org\/en\/wp-json\/wp\/v2\/pages\/20\/revisions"}],"predecessor-version":[{"id":2679,"href":"https:\/\/insurangels.org\/en\/wp-json\/wp\/v2\/pages\/20\/revisions\/2679"}],"wp:attachment":[{"href":"https:\/\/insurangels.org\/en\/wp-json\/wp\/v2\/media?parent=20"}],"curies":[{"name":"wp","href":"https:\/\/api.w.org\/{rel}","templated":true}]}}